{"id":29418,"date":"2026-03-03T11:55:57","date_gmt":"2026-03-03T09:55:57","guid":{"rendered":"https:\/\/tvelectron.com\/?post_type=product&#038;p=29418"},"modified":"2026-04-09T19:54:58","modified_gmt":"2026-04-09T17:54:58","slug":"kit-de-sistema-solar-con-paneles-de-2x600w-inversor-de-12v-cc-a-ca-de-110v-220v-controlador-100a-inverter-6000w-kit-completo-fuera-de-la-red","status":"publish","type":"product","link":"https:\/\/tvelectron.com\/pt\/kit-de-sistema-solar-con-paneles-de-2x600w-inversor-de-12v-cc-a-ca-de-110v-220v-controlador-100a-inverter-6000w-kit-completo-fuera-de-la-red\/","title":{"rendered":"Kit de sistema Solar con paneles de 2x600W, inversor de 12V CC a CA de 110V\/220V, controlador 100A inverter 6000W kit completo fuera de la red"},"content":{"rendered":"<p>\ud83d\udce6Contenido del paquete<br \/>\n\u2705Panel Solar de 600W\ud83c\udf1e \u00d72<br \/>\n\u2705Controlador de Carga SOECOPO\ud83d\udcdf \u00d71<br \/>\n\u2705Inversor de 6000W\ud83d\udd0c \u00d71<br \/>\n\u2705Accesorios\ud83e\uddf0:<br \/>\n(1) Pinzas de cocodrilo para controlador \u00d71<br \/>\n(2) Pinzas de cocodrilo para inversor \u00d71<br \/>\n(3) Cables DC \u00d72<br \/>\n(4) Mosquetones \u00d72<br \/>\n(5) Ventosas \u00d74<br \/>\n(6) Cable para inversor de coche \u00d71<br \/>\n(7) Manual de Usuario \u00d71<br \/>\n(8) Cable de conexi\u00f3n DC 1 a 3 (utilizado para conectar dos placas)<br \/>\n\u26a0\ufe0f Bater\u00edas no incluidas (proporcionadas por el usuario).<\/p>\n<p>Gu\u00eda de Conexi\u00f3n &#8211; 3 Pasos para Construir una Central El\u00e9ctrica<br \/>\n\u25cf Conectar la bater\u00eda: Conectar la l\u00ednea de CC al controlador y a la bater\u00eda (con los polos positivo y negativo intercambiados), el primer paso es guardar la bater\u00eda.<br \/>\n\u25cf Panel de conexi\u00f3n: L\u00ednea de CC conectada al panel solar+controlador, <a href=\"https:\/\/tvelectron.com\/pt\/\">inicio<\/a> de la conversi\u00f3n de energ\u00eda solar.<br \/>\n\u25cf Inversor conectado: inversor con abrazadera para bater\u00eda + bater\u00eda, se conecta directamente para su uso.<\/p>","protected":false},"excerpt":{"rendered":"<p>Kit de sistema Solar con paneles de 2x600W, inversor de 12V CC a CA de 110V\/220V, controlador 100A inverter 6000W kit completo fuera de la red<\/p>","protected":false},"featured_media":29419,"comment_status":"open","ping_status":"closed","template":"","meta":{"_acf_changed":false,"content-type":"","_joinchat":[]},"product_brand":[],"product_cat":[11765,24],"product_tag":[],"class_list":{"0":"post-29418","1":"product","2":"type-product","3":"status-publish","4":"has-post-thumbnail","6":"product_cat-tecnologia","7":"product_cat-inicio","9":"first","10":"instock","11":"sale","12":"shipping-taxable","13":"purchasable","14":"product-type-simple"},"acf":[],"_links":{"self":[{"href":"https:\/\/tvelectron.com\/pt\/wp-json\/wp\/v2\/product\/29418","targetHints":{"allow":["GET"]}}],"collection":[{"href":"https:\/\/tvelectron.com\/pt\/wp-json\/wp\/v2\/product"}],"about":[{"href":"https:\/\/tvelectron.com\/pt\/wp-json\/wp\/v2\/types\/product"}],"replies":[{"embeddable":true,"href":"https:\/\/tvelectron.com\/pt\/wp-json\/wp\/v2\/comments?post=29418"}],"wp:featuredmedia":[{"embeddable":true,"href":"https:\/\/tvelectron.com\/pt\/wp-json\/wp\/v2\/media\/29419"}],"wp:attachment":[{"href":"https:\/\/tvelectron.com\/pt\/wp-json\/wp\/v2\/media?parent=29418"}],"wp:term":[{"taxonomy":"product_brand","embeddable":true,"href":"https:\/\/tvelectron.com\/pt\/wp-json\/wp\/v2\/product_brand?post=29418"},{"taxonomy":"product_cat","embeddable":true,"href":"https:\/\/tvelectron.com\/pt\/wp-json\/wp\/v2\/product_cat?post=29418"},{"taxonomy":"product_tag","embeddable":true,"href":"https:\/\/tvelectron.com\/pt\/wp-json\/wp\/v2\/product_tag?post=29418"}],"curies":[{"name":"wp","href":"https:\/\/api.w.org\/{rel}","templated":true}]}}