{"id":23885,"date":"2025-10-29T11:49:18","date_gmt":"2025-10-29T09:49:18","guid":{"rendered":"https:\/\/tvelectron.com\/?post_type=product&#038;p=23885"},"modified":"2026-01-29T13:46:01","modified_gmt":"2026-01-29T11:46:01","slug":"baliza-de-emergencia-v16-geolocalizacion-dgt-3-0-con-3-indicadores-led-conexion-bateria-gps-homologada-por-dgt-sim-y-datos-pagados-hasta-2038","status":"publish","type":"product","link":"https:\/\/tvelectron.com\/pt\/baliza-de-emergencia-v16-geolocalizacion-dgt-3-0-con-3-indicadores-led-conexion-bateria-gps-homologada-por-dgt-sim-y-datos-pagados-hasta-2038\/","title":{"rendered":"Baliza de emergencia V16 Geolocalizaci\u00f3n DGT 3.0 | con 3 Indicadores Led Conex\u00edon | Bateria | GPS Homologada por DGT [SIM y Datos Pagados hasta 2038]"},"content":{"rendered":"<ul>\n<li>\n<div>\u200b\u200b\u2705Comprobacion de conectividad: Para comprobar la capacidad de la bater\u00eda, la conexi\u00f3n NB-IoT y el GPS deber\u00e1 hacerlo en el exterior al aire libre (sin obst\u00e1culos cercanos) mediante trackv16.com o el QR.\/\u200b\u200bIdiomas:<\/div>\n<ul>\n<li>\n<div>Ingles | Espa\u00f1ol | Chino | Catalan | Arabe | Portugues | Frances | Rumano.<\/div>\n<\/li>\n<\/ul>\n<\/li>\n<li>\n<div>\u2705La Baliza V16 con Geolocalizaci\u00f3n DGT 3.0 mas AVANZADA: Compatible con Cable RAYKONG de Coche &#8211; Movil. (El Cable es alimentacion Directa) &#8221;Advertencia: No usar pilas de Litio&#8221;\/\u200bEsta luz V16 con geolocalizador integrado env\u00eda tu posici\u00f3n en tiempo real a la DGT, asegurando que puedas ser localizado de manera r\u00e1pida y eficiente | Emite una luz visible a m\u00e1s de 1 km en 360\u00b0 | Resistencia al viento | IP54 resistencia al agua<\/div>\n<\/li>\n<li>\n<div>\u2705Aprobada y Homologada por la DGT: Certificado (IDIADA PC25060196) \/\u200bLa Baliza V16 con geolocalizaci\u00f3n ser\u00e1 el \u00fanico dispositivo legal de prese\u00f1alizaci\u00f3n de peligro. Reemplaza a los tri\u00e1ngulos de emergencia cumpliendo con las regulaciones de seguridad vial exigidas por la DGT actuales y las que ser\u00e1n obligatorias a partir del 1 de enero 2026.<\/div>\n<\/li>\n<li>\n<div>\u2705Tres indicadores LED: Para verificar que el dispositivo esta conectado y operativo. \u200b\/\u200b\u2705CON : El estado de conexi\u00f3n de internet de NB IoT | \/\u200b\u2705GPS : El estado de conexi\u00f3n de GPS | \/\u200b\u2705BAT : El estado de la capacidad de la bater\u00eda\/\u200b<\/div>\n<\/li>\n<li>\n<div>\u2705Datos eSIM PAGADOs: Incluye un plan de datos Pagado de Telef\u00f3nica Tech con m\u00e1s de 12 a\u00f1os de validez hasta 2038. eSIM incorporada con Conectividad a la red V16-IoT con Telef\u00f3nica Tech. sin suscripciones ni costes adicionales. Su tarjeta de datos virtual es completamente an\u00f3nima, solo para avisar la incidencia sin referencias personales.<\/div>\n<\/li>\n<li>\n<div>\u2705Material Incluida: 3 pilas (AA) 4.5V | \/\/\u200b\/\u200b<\/div>\n<\/li>\n<\/ul>","protected":false},"excerpt":{"rendered":"<p>Baliza de emergencia V16 Geolocalizaci\u00f3n DGT 3.0 | con 3 Indicadores Led Conex\u00edon | Bateria | GPS Homologada por DGT [SIM y Datos Pagados hasta 2038]\n","protected":false},"featured_media":23887,"comment_status":"open","ping_status":"closed","template":"","meta":{"_acf_changed":false,"content-type":"","_joinchat":[]},"product_brand":[],"product_cat":[11765,24],"product_tag":[],"class_list":{"0":"post-23885","1":"product","2":"type-product","3":"status-publish","4":"has-post-thumbnail","6":"product_cat-tecnologia","7":"product_cat-inicio","9":"first","10":"instock","11":"sale","12":"shipping-taxable","13":"purchasable","14":"product-type-simple"},"acf":[],"_links":{"self":[{"href":"https:\/\/tvelectron.com\/pt\/wp-json\/wp\/v2\/product\/23885","targetHints":{"allow":["GET"]}}],"collection":[{"href":"https:\/\/tvelectron.com\/pt\/wp-json\/wp\/v2\/product"}],"about":[{"href":"https:\/\/tvelectron.com\/pt\/wp-json\/wp\/v2\/types\/product"}],"replies":[{"embeddable":true,"href":"https:\/\/tvelectron.com\/pt\/wp-json\/wp\/v2\/comments?post=23885"}],"wp:featuredmedia":[{"embeddable":true,"href":"https:\/\/tvelectron.com\/pt\/wp-json\/wp\/v2\/media\/23887"}],"wp:attachment":[{"href":"https:\/\/tvelectron.com\/pt\/wp-json\/wp\/v2\/media?parent=23885"}],"wp:term":[{"taxonomy":"product_brand","embeddable":true,"href":"https:\/\/tvelectron.com\/pt\/wp-json\/wp\/v2\/product_brand?post=23885"},{"taxonomy":"product_cat","embeddable":true,"href":"https:\/\/tvelectron.com\/pt\/wp-json\/wp\/v2\/product_cat?post=23885"},{"taxonomy":"product_tag","embeddable":true,"href":"https:\/\/tvelectron.com\/pt\/wp-json\/wp\/v2\/product_tag?post=23885"}],"curies":[{"name":"wp","href":"https:\/\/api.w.org\/{rel}","templated":true}]}}