{"id":23580,"date":"2025-10-03T12:17:26","date_gmt":"2025-10-03T10:17:26","guid":{"rendered":"https:\/\/tvelectron.com\/?post_type=product&#038;p=23580"},"modified":"2026-02-08T13:57:10","modified_gmt":"2026-02-08T11:57:10","slug":"antena-de-tv-interior-de-alta-calidad-4k-hd-de-alta-ganancia-con-amplificador","status":"publish","type":"product","link":"https:\/\/tvelectron.com\/pt\/antena-de-tv-interior-de-alta-calidad-4k-hd-de-alta-ganancia-con-amplificador\/","title":{"rendered":"Antena de TV interior de alta calidad 4K HD de alta ganancia con amplificador"},"content":{"rendered":"<p>Especificaciones:<br \/>\nAntena HDTV interior de alta calidad.<br \/>\nAspecto elegante en forma de escudo, tama\u00f1o delgado y peque\u00f1o.<br \/>\nLa parte posterior tiene cinta adhesiva, f\u00e1cil de instalar.<\/p>\n<p>Nombre del art\u00edculo: Antena de TV<br \/>\nMaterial: metal + pl\u00e1stico<br \/>\nTipo de conector: F macho a TV<br \/>\nV.S.W.R.: \u22641,5, M\u00e1x.: 1<br \/>\nImpedancia: 75 ohmios<br \/>\nCapacidad multidireccional: S\u00ed<br \/>\nGanancia: 28 DBI (con amplificador)<br \/>\nFrecuencia de trabajo: 174-240 MHz, 470-862 MHz<br \/>\nTama\u00f1o: 22 cm x 13 cm\/8,66&#8243; x 5,12&#8243; (aprox.)<br \/>\nLongitud del cable coaxial: 4 m\/157,48&#8243; (aprox.)<\/p>\n<p>Notas:<br \/>\nDebido a las diferencias de luz y configuraci\u00f3n de la pantalla, el color del art\u00edculo puede ser ligeramente diferente al de las im\u00e1genes.<br \/>\nPermita una ligera diferencia de dimensi\u00f3n debido a diferentes medidas manuales.<\/p>\n<p>El paquete incluye:<br \/>\n1 antena de TV.<br \/>\n1 amplificador de se\u00f1al.<br \/>\n1 conector IEC<br \/>\n1 manual de usuario.<\/p>","protected":false},"excerpt":{"rendered":"<p>Antena de TV interior de alta calidad 4K HD de alta ganancia con amplificador<\/p>","protected":false},"featured_media":23586,"comment_status":"open","ping_status":"closed","template":"","meta":{"_acf_changed":false,"content-type":"","_joinchat":[]},"product_brand":[],"product_cat":[25,24,30,11765],"product_tag":[],"class_list":{"0":"post-23580","1":"product","2":"type-product","3":"status-publish","4":"has-post-thumbnail","6":"product_cat-repuestos-tv","7":"product_cat-inicio","8":"product_cat-repuestos-varios","9":"product_cat-tecnologia","11":"first","12":"instock","13":"shipping-taxable","14":"purchasable","15":"product-type-simple"},"acf":[],"_links":{"self":[{"href":"https:\/\/tvelectron.com\/pt\/wp-json\/wp\/v2\/product\/23580","targetHints":{"allow":["GET"]}}],"collection":[{"href":"https:\/\/tvelectron.com\/pt\/wp-json\/wp\/v2\/product"}],"about":[{"href":"https:\/\/tvelectron.com\/pt\/wp-json\/wp\/v2\/types\/product"}],"replies":[{"embeddable":true,"href":"https:\/\/tvelectron.com\/pt\/wp-json\/wp\/v2\/comments?post=23580"}],"wp:featuredmedia":[{"embeddable":true,"href":"https:\/\/tvelectron.com\/pt\/wp-json\/wp\/v2\/media\/23586"}],"wp:attachment":[{"href":"https:\/\/tvelectron.com\/pt\/wp-json\/wp\/v2\/media?parent=23580"}],"wp:term":[{"taxonomy":"product_brand","embeddable":true,"href":"https:\/\/tvelectron.com\/pt\/wp-json\/wp\/v2\/product_brand?post=23580"},{"taxonomy":"product_cat","embeddable":true,"href":"https:\/\/tvelectron.com\/pt\/wp-json\/wp\/v2\/product_cat?post=23580"},{"taxonomy":"product_tag","embeddable":true,"href":"https:\/\/tvelectron.com\/pt\/wp-json\/wp\/v2\/product_tag?post=23580"}],"curies":[{"name":"wp","href":"https:\/\/api.w.org\/{rel}","templated":true}]}}