{"id":23531,"date":"2025-10-03T10:57:20","date_gmt":"2025-10-03T08:57:20","guid":{"rendered":"https:\/\/tvelectron.com\/?post_type=product&#038;p=23531"},"modified":"2026-04-10T14:24:39","modified_gmt":"2026-04-10T12:24:39","slug":"carlinkit-mini-5-pro-inalambrico-carplay-y-android-auto-adaptador-automatico-para-sistemas-inteligentes-de-coche-actualizacion-ble-wifi-conexion-perfecta","status":"publish","type":"product","link":"https:\/\/tvelectron.com\/pt\/carlinkit-mini-5-pro-inalambrico-carplay-y-android-auto-adaptador-automatico-para-sistemas-inteligentes-de-coche-actualizacion-ble-wifi-conexion-perfecta\/","title":{"rendered":"Carlinkit Mini 5 Pro inal\u00e1mbrico Carplay y Android auto adaptador autom\u00e1tico para sistemas inteligentes de coche actualizaci\u00f3n Ble Wifi conexi\u00f3n perfecta"},"content":{"rendered":"<div class=\"title--wrap--NWOaiSp\">\n<div class=\"title--text--Otu0bLr\">\n<h2 class=\"title--title--O6xcB1q\" data-spm-anchor-id=\"a2g0o.detail.0.i10.43fc27d3qy5Zdo\">Detalles: Carlinkit Mini 5 Pro inal\u00e1mbrico Carplay y <a href=\"https:\/\/tvelectron.com\/pt\/productos-por-categorias\/\">Android auto<\/a> adaptador autom\u00e1tico para sistemas inteligentes de coche actualizaci\u00f3n Ble Wifi conexi\u00f3n perfecta<\/h2>\n<\/div>\n<\/div>\n<ul class=\"specification--list--GZuXzRX\">\n<li class=\"specification--line--IXeRJI7\">\n<div class=\"specification--prop--Jh28bKu\">\n<div class=\"specification--title--SfH3sA8\">Nombre de la marca<\/div>\n<div class=\"specification--desc--Dxx6W0W\" title=\"Carlinkit\">Carlinkit<\/div>\n<\/div>\n<div class=\"specification--prop--Jh28bKu\">\n<div class=\"specification--title--SfH3sA8\">Brand<\/div>\n<div class=\"specification--desc--Dxx6W0W\" title=\"CarlinKit\">CarlinKit<\/div>\n<\/div>\n<\/li>\n<li class=\"specification--line--IXeRJI7\">\n<div class=\"specification--prop--Jh28bKu\">\n<div class=\"specification--title--SfH3sA8\">Model<\/div>\n<div class=\"specification--desc--Dxx6W0W\" title=\"Mini 5 Pro\">Mini 5 Pro<\/div>\n<\/div>\n<div class=\"specification--prop--Jh28bKu\">\n<div class=\"specification--title--SfH3sA8\">Main Feature<\/div>\n<div class=\"specification--desc--Dxx6W0W\" title=\"Wired to Wireless Carplay\/Android auto\">Wired to Wireless Carplay\/<a href=\"https:\/\/tvelectron.com\/pt\/productos-por-categorias\/\">Android auto<\/a><\/div>\n<\/div>\n<\/li>\n<li class=\"specification--line--IXeRJI7\">\n<div class=\"specification--prop--Jh28bKu\">\n<div class=\"specification--title--SfH3sA8\">WiFi Frequency<\/div>\n<div class=\"specification--desc--Dxx6W0W\" title=\"5Ghz\">5Ghz<\/div>\n<\/div>\n<div class=\"specification--prop--Jh28bKu\">\n<div class=\"specification--title--SfH3sA8\">Power Consumption<\/div>\n<div class=\"specification--desc--Dxx6W0W\" title=\"0.75W\">0.75W<\/div>\n<\/div>\n<\/li>\n<li class=\"specification--line--IXeRJI7\">\n<div class=\"specification--prop--Jh28bKu\">\n<div class=\"specification--title--SfH3sA8\">Compatible Android Phone<\/div>\n<div class=\"specification--desc--Dxx6W0W\" title=\"Android phone with Android 11.0 and above\">Android phone with Android 11.0 and above<\/div>\n<\/div>\n<div class=\"specification--prop--Jh28bKu\">\n<div class=\"specification--title--SfH3sA8\">Compatible iPhone\/iOS<\/div>\n<div class=\"specification--desc--Dxx6W0W\" title=\"iPhone 6 and above, iOS 10 and above\">iPhone 6 and above, iOS 10 and above<\/div>\n<\/div>\n<\/li>\n<li class=\"specification--line--IXeRJI7\">\n<div class=\"specification--prop--Jh28bKu\">\n<div class=\"specification--title--SfH3sA8\">Resolution<\/div>\n<div class=\"specification--desc--Dxx6W0W\" title=\"Adaptive (maintain the original protocol resolution)\">Adaptive (maintain the original protocol resolution)<\/div>\n<\/div>\n<div class=\"specification--prop--Jh28bKu\">\n<div class=\"specification--title--SfH3sA8\">Language<\/div>\n<div class=\"specification--desc--Dxx6W0W\" title=\"Automatically switch according to the vehicle language environment\">Automatically switch according to the vehicle language environment<\/div>\n<\/div>\n<\/li>\n<li class=\"specification--line--IXeRJI7\">\n<div class=\"specification--prop--Jh28bKu\">\n<div class=\"specification--title--SfH3sA8\">USB Port<\/div>\n<div class=\"specification--desc--Dxx6W0W\" title=\"USB-A\/USB-C\">USB-A\/USB-C<\/div>\n<\/div>\n<div class=\"specification--prop--Jh28bKu\">\n<div class=\"specification--title--SfH3sA8\">Product Size<\/div>\n<div class=\"specification--desc--Dxx6W0W\" title=\"81.24*20.59*11.41mm\">81.24*20.59*11.41mm<\/div>\n<\/div>\n<\/li>\n<li class=\"specification--line--IXeRJI7\">\n<div class=\"specification--prop--Jh28bKu\">\n<div class=\"specification--title--SfH3sA8\">Package Dimensions<\/div>\n<div class=\"specification--desc--Dxx6W0W\" title=\"126*98*11.6mm\">126*98*11.6mm<\/div>\n<\/div>\n<div class=\"specification--prop--Jh28bKu\">\n<div class=\"specification--title--SfH3sA8\">Compatible<\/div>\n<div class=\"specification--desc--Dxx6W0W\" title=\"Work With Wired CarPlay\">Work With Wired CarPlay<\/div>\n<\/div>\n<\/li>\n<li class=\"specification--line--IXeRJI7\">\n<div class=\"specification--prop--Jh28bKu\">\n<div class=\"specification--title--SfH3sA8\">Compatible 2<\/div>\n<div class=\"specification--desc--Dxx6W0W\" title=\"Work With Wired Android auto\">Work With Wired <a href=\"https:\/\/tvelectron.com\/pt\/productos-por-categorias\/\">Android auto<\/a><\/div>\n<\/div>\n<div class=\"specification--prop--Jh28bKu\">\n<div class=\"specification--title--SfH3sA8\">Feature 1<\/div>\n<div class=\"specification--desc--Dxx6W0W\" title=\"Wireless CarPlay adapter\">Wireless CarPlay adapter<\/div>\n<\/div>\n<\/li>\n<li class=\"specification--line--IXeRJI7\">\n<div class=\"specification--prop--Jh28bKu\">\n<div class=\"specification--title--SfH3sA8\">Feature 2<\/div>\n<div class=\"specification--desc--Dxx6W0W\" title=\"Android auto adapter\" data-spm-anchor-id=\"a2g0o.detail.0.i9.43fc27d3qy5Zdo\">Android auto adapter<\/div>\n<\/div>\n<\/li>\n<\/ul>","protected":false},"excerpt":{"rendered":"<p>Carlinkit Mini 5 Pro inal\u00e1mbrico Carplay y Android auto adaptador autom\u00e1tico para sistemas inteligentes de coche actualizaci\u00f3n Ble Wifi conexi\u00f3n perfecta<\/p>","protected":false},"featured_media":23532,"comment_status":"open","ping_status":"closed","template":"","meta":{"_acf_changed":false,"content-type":"","_joinchat":[]},"product_brand":[],"product_cat":[11765,24,25,30],"product_tag":[],"class_list":{"0":"post-23531","1":"product","2":"type-product","3":"status-publish","4":"has-post-thumbnail","6":"product_cat-tecnologia","7":"product_cat-inicio","8":"product_cat-repuestos-tv","9":"product_cat-repuestos-varios","11":"first","12":"instock","13":"sale","14":"shipping-taxable","15":"purchasable","16":"product-type-simple"},"acf":[],"_links":{"self":[{"href":"https:\/\/tvelectron.com\/pt\/wp-json\/wp\/v2\/product\/23531","targetHints":{"allow":["GET"]}}],"collection":[{"href":"https:\/\/tvelectron.com\/pt\/wp-json\/wp\/v2\/product"}],"about":[{"href":"https:\/\/tvelectron.com\/pt\/wp-json\/wp\/v2\/types\/product"}],"replies":[{"embeddable":true,"href":"https:\/\/tvelectron.com\/pt\/wp-json\/wp\/v2\/comments?post=23531"}],"wp:featuredmedia":[{"embeddable":true,"href":"https:\/\/tvelectron.com\/pt\/wp-json\/wp\/v2\/media\/23532"}],"wp:attachment":[{"href":"https:\/\/tvelectron.com\/pt\/wp-json\/wp\/v2\/media?parent=23531"}],"wp:term":[{"taxonomy":"product_brand","embeddable":true,"href":"https:\/\/tvelectron.com\/pt\/wp-json\/wp\/v2\/product_brand?post=23531"},{"taxonomy":"product_cat","embeddable":true,"href":"https:\/\/tvelectron.com\/pt\/wp-json\/wp\/v2\/product_cat?post=23531"},{"taxonomy":"product_tag","embeddable":true,"href":"https:\/\/tvelectron.com\/pt\/wp-json\/wp\/v2\/product_tag?post=23531"}],"curies":[{"name":"wp","href":"https:\/\/api.w.org\/{rel}","templated":true}]}}