{"id":23519,"date":"2025-10-03T10:41:28","date_gmt":"2025-10-03T08:41:28","guid":{"rendered":"https:\/\/tvelectron.com\/?post_type=product&#038;p=23519"},"modified":"2025-10-03T10:41:28","modified_gmt":"2025-10-03T08:41:28","slug":"auriculares-de-boton-bluetooth-truewireless-y-baja-latencia","status":"publish","type":"product","link":"https:\/\/tvelectron.com\/pt\/auriculares-de-boton-bluetooth-truewireless-y-baja-latencia\/","title":{"rendered":"Auriculares de boton bluetooth TrueWireless y baja latencia"},"content":{"rendered":"<p>Control de audio inteligente y acceso a asistentes de voz como Siri y Google.<br \/>\nMuy c\u00f3modos para hablar por tel\u00e9fono gracias a la funci\u00f3n de manos libres y al micr\u00f3fono integrado.<br \/>\nBot\u00f3n en los auriculares para controlar c\u00f3modamente la reproducci\u00f3n de m\u00fasica y las llamadas.<br \/>\nAuriculares de bot\u00f3n con autonom\u00eda de hasta 3 h de m\u00fasica.<br \/>\nCarga completa en 1,5 horas.<br \/>\nEstuche cargador para cargar los auriculares durante su transporte; con capacidad para hasta 3 ciclos de carga si est\u00e1 completamente cargado.<br \/>\nEl estuche cargador puede cargarse c\u00f3modamente sin cables con una alfombrilla de carga compatible con Qi\u00ae**.<\/p>","protected":false},"excerpt":{"rendered":"<p>Auriculares de boton bluetooth TrueWireless y baja latencia<\/p>","protected":false},"featured_media":23523,"comment_status":"open","ping_status":"closed","template":"","meta":{"_acf_changed":false,"content-type":"","_joinchat":[]},"product_brand":[],"product_cat":[11765,24,25],"product_tag":[],"class_list":{"0":"post-23519","1":"product","2":"type-product","3":"status-publish","4":"has-post-thumbnail","6":"product_cat-tecnologia","7":"product_cat-inicio","8":"product_cat-repuestos-tv","10":"first","11":"instock","12":"shipping-taxable","13":"purchasable","14":"product-type-simple"},"acf":[],"_links":{"self":[{"href":"https:\/\/tvelectron.com\/pt\/wp-json\/wp\/v2\/product\/23519","targetHints":{"allow":["GET"]}}],"collection":[{"href":"https:\/\/tvelectron.com\/pt\/wp-json\/wp\/v2\/product"}],"about":[{"href":"https:\/\/tvelectron.com\/pt\/wp-json\/wp\/v2\/types\/product"}],"replies":[{"embeddable":true,"href":"https:\/\/tvelectron.com\/pt\/wp-json\/wp\/v2\/comments?post=23519"}],"wp:featuredmedia":[{"embeddable":true,"href":"https:\/\/tvelectron.com\/pt\/wp-json\/wp\/v2\/media\/23523"}],"wp:attachment":[{"href":"https:\/\/tvelectron.com\/pt\/wp-json\/wp\/v2\/media?parent=23519"}],"wp:term":[{"taxonomy":"product_brand","embeddable":true,"href":"https:\/\/tvelectron.com\/pt\/wp-json\/wp\/v2\/product_brand?post=23519"},{"taxonomy":"product_cat","embeddable":true,"href":"https:\/\/tvelectron.com\/pt\/wp-json\/wp\/v2\/product_cat?post=23519"},{"taxonomy":"product_tag","embeddable":true,"href":"https:\/\/tvelectron.com\/pt\/wp-json\/wp\/v2\/product_tag?post=23519"}],"curies":[{"name":"wp","href":"https:\/\/api.w.org\/{rel}","templated":true}]}}