{"id":23514,"date":"2025-10-03T10:35:32","date_gmt":"2025-10-03T08:35:32","guid":{"rendered":"https:\/\/tvelectron.com\/?post_type=product&#038;p=23514"},"modified":"2026-03-03T15:10:50","modified_gmt":"2026-03-03T13:10:50","slug":"sintonizador-tdt-hd-para-tv-con-cable-hdmi","status":"publish","type":"product","link":"https:\/\/tvelectron.com\/pt\/sintonizador-tdt-hd-para-tv-con-cable-hdmi\/","title":{"rendered":"Sintonizador TDT HD con cable hdmi para ver canales HD en tu antigua TV"},"content":{"rendered":"<p>Peque\u00f1o sintonizador con el que podr\u00e1s ver los canales HD en tus televisores, tiene 26*10*3 cm, cabe detr\u00e1s de tu televisi\u00f3n y est\u00e1 sin usar. Incluye cable hdmi, viene preconfigurado para todos los idiomas.<\/p>","protected":false},"excerpt":{"rendered":"<p>Sintonizador TDT HD con cable hdmi para ver canales HD en tu antigua TV<\/p>","protected":false},"featured_media":23517,"comment_status":"open","ping_status":"closed","template":"","meta":{"_acf_changed":false,"content-type":"","_joinchat":[]},"product_brand":[],"product_cat":[11765,24,25,30],"product_tag":[],"class_list":{"0":"post-23514","1":"product","2":"type-product","3":"status-publish","4":"has-post-thumbnail","6":"product_cat-tecnologia","7":"product_cat-inicio","8":"product_cat-repuestos-tv","9":"product_cat-repuestos-varios","11":"first","12":"instock","13":"shipping-taxable","14":"purchasable","15":"product-type-simple"},"acf":[],"_links":{"self":[{"href":"https:\/\/tvelectron.com\/pt\/wp-json\/wp\/v2\/product\/23514","targetHints":{"allow":["GET"]}}],"collection":[{"href":"https:\/\/tvelectron.com\/pt\/wp-json\/wp\/v2\/product"}],"about":[{"href":"https:\/\/tvelectron.com\/pt\/wp-json\/wp\/v2\/types\/product"}],"replies":[{"embeddable":true,"href":"https:\/\/tvelectron.com\/pt\/wp-json\/wp\/v2\/comments?post=23514"}],"wp:featuredmedia":[{"embeddable":true,"href":"https:\/\/tvelectron.com\/pt\/wp-json\/wp\/v2\/media\/23517"}],"wp:attachment":[{"href":"https:\/\/tvelectron.com\/pt\/wp-json\/wp\/v2\/media?parent=23514"}],"wp:term":[{"taxonomy":"product_brand","embeddable":true,"href":"https:\/\/tvelectron.com\/pt\/wp-json\/wp\/v2\/product_brand?post=23514"},{"taxonomy":"product_cat","embeddable":true,"href":"https:\/\/tvelectron.com\/pt\/wp-json\/wp\/v2\/product_cat?post=23514"},{"taxonomy":"product_tag","embeddable":true,"href":"https:\/\/tvelectron.com\/pt\/wp-json\/wp\/v2\/product_tag?post=23514"}],"curies":[{"name":"wp","href":"https:\/\/api.w.org\/{rel}","templated":true}]}}