{"id":26317,"date":"2025-12-01T16:06:49","date_gmt":"2025-12-01T14:06:49","guid":{"rendered":"https:\/\/tvelectron.com\/?post_type=product&#038;p=26317"},"modified":"2025-12-01T16:06:50","modified_gmt":"2025-12-01T14:06:50","slug":"adaptador-audio-optico-a-jack192-khz-convertidor-digital-a-analogico-compatible-con-salida-optica-digital-a-conector-doble-de-35-mm","status":"publish","type":"product","link":"https:\/\/tvelectron.com\/it\/adaptador-audio-optico-a-jack192-khz-convertidor-digital-a-analogico-compatible-con-salida-optica-digital-a-conector-doble-de-35-mm\/","title":{"rendered":"Adaptador Audio Optico a Jack,192 kHz Convertidor Digital a Anal\u00f3gico Compatible con Salida \u00f3ptica Digital a Conector Doble de 3,5 mm"},"content":{"rendered":"<p>Digital a Anal\u00f3gico Compatible con Salida \u00f3ptica Digital a Conector Doble de 3,5 mm<\/p>\n<p>El convertidor de audio optico a jack 3.5 incluye todo lo que necesitas:convertidor DAC,cable \u00f3ptico,cable RCA,cable USB y manual de usuario,garantizando una configuraci\u00f3n r\u00e1pida y f\u00e1cil para un disfrute inmediato<\/p>","protected":false},"excerpt":{"rendered":"<p>Digital a Anal\u00f3gico Compatible con Salida \u00f3ptica Digital a Conector Doble de 3,5 mm<\/p>\n<p>El convertidor de audio optico a jack 3.5 incluye todo lo que necesitas:convertidor DAC,cable \u00f3ptico,cable RCA,cable USB y manual de usuario,garantizando una configuraci\u00f3n r\u00e1pida y f\u00e1cil para un disfrute inmediato<\/p>","protected":false},"featured_media":26318,"comment_status":"open","ping_status":"closed","template":"","meta":{"_acf_changed":false,"content-type":"","_joinchat":[]},"product_brand":[],"product_cat":[24,25,30,11765],"product_tag":[],"class_list":{"0":"post-26317","1":"product","2":"type-product","3":"status-publish","4":"has-post-thumbnail","6":"product_cat-inicio","7":"product_cat-repuestos-tv","8":"product_cat-repuestos-varios","9":"product_cat-tecnologia","11":"first","12":"instock","13":"shipping-taxable","14":"purchasable","15":"product-type-simple"},"acf":[],"_links":{"self":[{"href":"https:\/\/tvelectron.com\/it\/wp-json\/wp\/v2\/product\/26317","targetHints":{"allow":["GET"]}}],"collection":[{"href":"https:\/\/tvelectron.com\/it\/wp-json\/wp\/v2\/product"}],"about":[{"href":"https:\/\/tvelectron.com\/it\/wp-json\/wp\/v2\/types\/product"}],"replies":[{"embeddable":true,"href":"https:\/\/tvelectron.com\/it\/wp-json\/wp\/v2\/comments?post=26317"}],"wp:featuredmedia":[{"embeddable":true,"href":"https:\/\/tvelectron.com\/it\/wp-json\/wp\/v2\/media\/26318"}],"wp:attachment":[{"href":"https:\/\/tvelectron.com\/it\/wp-json\/wp\/v2\/media?parent=26317"}],"wp:term":[{"taxonomy":"product_brand","embeddable":true,"href":"https:\/\/tvelectron.com\/it\/wp-json\/wp\/v2\/product_brand?post=26317"},{"taxonomy":"product_cat","embeddable":true,"href":"https:\/\/tvelectron.com\/it\/wp-json\/wp\/v2\/product_cat?post=26317"},{"taxonomy":"product_tag","embeddable":true,"href":"https:\/\/tvelectron.com\/it\/wp-json\/wp\/v2\/product_tag?post=26317"}],"curies":[{"name":"wp","href":"https:\/\/api.w.org\/{rel}","templated":true}]}}