{"id":23710,"date":"2025-10-14T13:36:45","date_gmt":"2025-10-14T11:36:45","guid":{"rendered":"https:\/\/tvelectron.com\/?post_type=product&#038;p=23710"},"modified":"2025-10-14T13:36:48","modified_gmt":"2025-10-14T11:36:48","slug":"anycast-m2-plus-tv-stick-compatible-con-hdmi-1080-permite-ver-tu-movil-tablet-o-laptop-en-tu-tv-via-wifi-dongle-receptor-mirascreen-hdtv-para-ios-android-miracast-airplay","status":"publish","type":"product","link":"https:\/\/tvelectron.com\/fr\/anycast-m2-plus-tv-stick-compatible-con-hdmi-1080-permite-ver-tu-movil-tablet-o-laptop-en-tu-tv-via-wifi-dongle-receptor-mirascreen-hdtv-para-ios-android-miracast-airplay\/","title":{"rendered":"Anycast M2 Plus Tv Stick compatible con HDMI 1080 Permite ver tu movil tablet o laptop en tu TV via Wifi Dongle receptor Mirascreen HDTV para IOS Android Miracast Airplay"},"content":{"rendered":"<div>Anycast M2 Plus Tv Stick compatible con HDMI 1080 Permite ver tu movil tablet o laptop en tu TV via Wifi Dongle receptor Mirascreen HDTV para IOS Android Miracast Airplay<\/div>\n<div><\/div>\n<div>\n<div align=\"start\"><strong><span id=\"tl_3\">Caracter\u00edstica:<\/span><\/strong><\/div>\n<div align=\"start\"><span id=\"tl_4\">No es necesario instalar la aplicaci\u00f3n y admite el interruptor de un bot\u00f3n, es f\u00e1cil y conveniente de operar.<\/span><\/div>\n<div align=\"start\"><span id=\"tl_5\">Consumo de energ\u00eda ultrabajo y bajo calor.<\/span><\/div>\n<div align=\"start\"><span id=\"tl_6\">Con dise\u00f1o port\u00e1til compacto para facilitar su transporte.<\/span><\/div>\n<div align=\"start\"><span id=\"tl_7\">Soporte para sistema operativo IOS\/Android\/Windows\/Mac.<\/span><\/div>\n<div align=\"start\"><span id=\"tl_8\">Excelente uso compartido y rendimiento para sus videos, Excel, PPT, PDF y otros archivos.<\/span><\/div>\n<div align=\"start\"><span id=\"tl_9\">Apto para proyectores, smartphones.Tabletas, port\u00e1tiles, ultrabooks, etc.<\/span><\/div>\n<div align=\"start\"><strong><span id=\"tl_10\">Descripci\u00f3n:<\/span><\/strong><\/div>\n<div align=\"start\"><span id=\"tl_11\">Tipo de art\u00edculo: Receptor Dongle de pantalla<\/span><\/div>\n<div align=\"start\"><span id=\"tl_12\">Conectores: compatible con HDMI, USB<\/span><\/div>\n<div align=\"start\"><span id=\"tl_13\">Capacidad de decodificaci\u00f3n: 1080P (Full-HD)<\/span><\/div>\n<div align=\"start\"><span id=\"tl_14\">Sistema operativo: para Android<\/span><\/div>\n<div align=\"start\"><span id=\"tl_15\">Tipo: Alta definici\u00f3n<\/span><\/div>\n<div align=\"start\"><strong><span id=\"tl_16\">Paquete:<\/span><\/strong><\/div>\n<div align=\"start\"><span id=\"tl_17\">1X receptor Dongle de pantalla Wi-Fi inal\u00e1mbrico<\/span><\/div>\n<div align=\"start\"><span id=\"tl_18\">1 cable USB WiFi 2 en 1.<\/span><\/div>\n<div align=\"start\"><span id=\"tl_19\">1 manual de usuario en ingl\u00e9s.<\/span><\/div>\n<\/div>","protected":false},"excerpt":{"rendered":"<p>Anycast M2 Plus Tv Stick compatible con HDMI 1080 Permite ver tu movil tablet o laptop en tu TV via Wifi Dongle receptor Mirascreen HDTV para IOS Android Miracast Airplay<\/p>","protected":false},"featured_media":23714,"comment_status":"open","ping_status":"closed","template":"","meta":{"_acf_changed":false,"content-type":"","_joinchat":[]},"product_brand":[],"product_cat":[11765,24,25],"product_tag":[],"class_list":{"0":"post-23710","1":"product","2":"type-product","3":"status-publish","4":"has-post-thumbnail","6":"product_cat-tecnologia","7":"product_cat-inicio","8":"product_cat-repuestos-tv","10":"first","11":"instock","12":"sale","13":"shipping-taxable","14":"purchasable","15":"product-type-simple"},"acf":[],"_links":{"self":[{"href":"https:\/\/tvelectron.com\/fr\/wp-json\/wp\/v2\/product\/23710","targetHints":{"allow":["GET"]}}],"collection":[{"href":"https:\/\/tvelectron.com\/fr\/wp-json\/wp\/v2\/product"}],"about":[{"href":"https:\/\/tvelectron.com\/fr\/wp-json\/wp\/v2\/types\/product"}],"replies":[{"embeddable":true,"href":"https:\/\/tvelectron.com\/fr\/wp-json\/wp\/v2\/comments?post=23710"}],"wp:featuredmedia":[{"embeddable":true,"href":"https:\/\/tvelectron.com\/fr\/wp-json\/wp\/v2\/media\/23714"}],"wp:attachment":[{"href":"https:\/\/tvelectron.com\/fr\/wp-json\/wp\/v2\/media?parent=23710"}],"wp:term":[{"taxonomy":"product_brand","embeddable":true,"href":"https:\/\/tvelectron.com\/fr\/wp-json\/wp\/v2\/product_brand?post=23710"},{"taxonomy":"product_cat","embeddable":true,"href":"https:\/\/tvelectron.com\/fr\/wp-json\/wp\/v2\/product_cat?post=23710"},{"taxonomy":"product_tag","embeddable":true,"href":"https:\/\/tvelectron.com\/fr\/wp-json\/wp\/v2\/product_tag?post=23710"}],"curies":[{"name":"wp","href":"https:\/\/api.w.org\/{rel}","templated":true}]}}