{"id":23566,"date":"2025-10-03T11:30:29","date_gmt":"2025-10-03T09:30:29","guid":{"rendered":"https:\/\/tvelectron.com\/?post_type=product&#038;p=23566"},"modified":"2025-11-04T20:36:10","modified_gmt":"2025-11-04T18:36:10","slug":"panel-solar-potencia-de-carga-de-80w-y-cinco-paneles-multiples-clavijas-para-cargar-diferentes-dispositivos-salida-de-5v-nuevo","status":"publish","type":"product","link":"https:\/\/tvelectron.com\/fr\/panel-solar-potencia-de-carga-de-80w-y-cinco-paneles-multiples-clavijas-para-cargar-diferentes-dispositivos-salida-de-5v-nuevo\/","title":{"rendered":"Panel solar Potencia de carga de 80W y cinco paneles, multiples clavijas para cargar diferentes dispositivos salida de 5v NUEVO"},"content":{"rendered":"<p>Panel solar Potencia de carga de 80W y cinco paneles, multiples clavijas para cargar diferentes dispositivos salida de 5v<\/p>\n<p>Plegable: el panel solar se puede plegar en un tama\u00f1o peque\u00f1o, f\u00e1cil de transportar y almacenar. Es muy adecuado para actividades al aire libre como camping, senderismo, pesca, etc.<br \/>\nAmplia compatibilidad: este panel solar es adecuado para una variedad de dispositivos, como tel\u00e9fonos m\u00f3viles, tabletas, computadoras port\u00e1tiles, etc.<\/p>\n<p>Carga USB: el panel solar es alimentado por un puerto USB, que se puede utilizar como un cargador de tel\u00e9fono m\u00f3vil o banco de energ\u00eda port\u00e1til.<br \/>\nCalidad confiable: El panel solar est\u00e1 hecho de material ABS de alta calidad, que es duradero y tiene una larga vida<br \/>\ndise\u00f1ado para uso al aire libre y senderismo<\/p>","protected":false},"excerpt":{"rendered":"<p>Panel solar Potencia de carga de 80W y cinco paneles, multiples clavijas para cargar diferentes dispositivos salida de 5v NUEVO<\/p>","protected":false},"featured_media":23569,"comment_status":"open","ping_status":"closed","template":"","meta":{"_acf_changed":false,"content-type":"","_joinchat":[]},"product_brand":[],"product_cat":[24,11765],"product_tag":[],"class_list":{"0":"post-23566","1":"product","2":"type-product","3":"status-publish","4":"has-post-thumbnail","6":"product_cat-inicio","7":"product_cat-tecnologia","9":"first","10":"instock","11":"sale","12":"shipping-taxable","13":"purchasable","14":"product-type-simple"},"acf":[],"_links":{"self":[{"href":"https:\/\/tvelectron.com\/fr\/wp-json\/wp\/v2\/product\/23566","targetHints":{"allow":["GET"]}}],"collection":[{"href":"https:\/\/tvelectron.com\/fr\/wp-json\/wp\/v2\/product"}],"about":[{"href":"https:\/\/tvelectron.com\/fr\/wp-json\/wp\/v2\/types\/product"}],"replies":[{"embeddable":true,"href":"https:\/\/tvelectron.com\/fr\/wp-json\/wp\/v2\/comments?post=23566"}],"wp:featuredmedia":[{"embeddable":true,"href":"https:\/\/tvelectron.com\/fr\/wp-json\/wp\/v2\/media\/23569"}],"wp:attachment":[{"href":"https:\/\/tvelectron.com\/fr\/wp-json\/wp\/v2\/media?parent=23566"}],"wp:term":[{"taxonomy":"product_brand","embeddable":true,"href":"https:\/\/tvelectron.com\/fr\/wp-json\/wp\/v2\/product_brand?post=23566"},{"taxonomy":"product_cat","embeddable":true,"href":"https:\/\/tvelectron.com\/fr\/wp-json\/wp\/v2\/product_cat?post=23566"},{"taxonomy":"product_tag","embeddable":true,"href":"https:\/\/tvelectron.com\/fr\/wp-json\/wp\/v2\/product_tag?post=23566"}],"curies":[{"name":"wp","href":"https:\/\/api.w.org\/{rel}","templated":true}]}}