{"id":29648,"date":"2026-03-29T22:25:51","date_gmt":"2026-03-29T20:25:51","guid":{"rendered":"https:\/\/tvelectron.com\/?post_type=product&#038;p=29648"},"modified":"2026-04-01T13:52:13","modified_gmt":"2026-04-01T11:52:13","slug":"kit-solar-completo-dos-paneles-solares-flexibles-controlador-de-carga-de-100a-inversor-de-220v-bateria-lfp-30ah","status":"publish","type":"product","link":"https:\/\/tvelectron.com\/en\/kit-solar-completo-dos-paneles-solares-flexibles-controlador-de-carga-de-100a-inversor-de-220v-bateria-lfp-30ah\/","title":{"rendered":"Kit solar completo  Dos paneles solares flexibles Controlador de Carga de 100A Inversor de 220V Bater\u00eda LFP 30Ah"},"content":{"rendered":"<p>Kit solar completo con controlador de 100ah, inversor de 2000w, dos paneles solares flexibles 760 * 550 * 2.5 mm y bateria de 30ah<\/p>\n<p>&nbsp;<\/p>\n<p><strong><span id=\"tl_4\">Especificaciones del producto<\/span><\/strong><\/p>\n<p id=\"tl_5\" align=\"start\">Interfaz de salida: MC4<\/p>\n<p id=\"tl_6\" align=\"start\">Tensi\u00f3n m\u00e1xima del sistema: 700V<\/p>\n<p id=\"tl_7\" align=\"start\">Voltaje de circuito abierto (Voc): 19.2V<\/p>\n<p id=\"tl_8\" align=\"start\">Corriente de cortocircuito (Isc): 6.87A<\/p>\n<p id=\"tl_9\" align=\"start\">Tensi\u00f3n m\u00e1xima de alimentaci\u00f3n (Vmp): 16V<\/p>\n<p id=\"tl_10\" align=\"start\">Corriente de potencia m\u00e1xima (Imp): 6.25A<\/p>\n<p id=\"tl_11\" align=\"start\">Eficiencia de la bater\u00eda: 19.5%<\/p>\n<p id=\"tl_12\" align=\"start\">Temperatura de trabajo (NOCT): 45 \u00b1 2\u2103<\/p>\n<p id=\"tl_13\" align=\"start\">Rango de temperatura: -20\u2103~+80\u2103<\/p>\n<p id=\"tl_14\" align=\"start\">N\u00famero de celdas\/bater\u00edas: 32<\/p>\n<p id=\"tl_15\" align=\"start\">Tama\u00f1o del panel solar: 760 * 550 * 2.5 mm<\/p>\n<p align=\"start\"><strong id=\"tl_16\">Caracter\u00edsticas:<\/strong><\/p>\n<p id=\"tl_17\" align=\"start\">Dos Paneles solar flexible<\/p>\n<p align=\"start\">Incluye los accesorios necesarios para las conexiones<\/p>\n<p id=\"tl_18\" align=\"start\">Alta potencia, adecuado para uso residencial y recreativo<\/p>\n<p id=\"tl_19\" align=\"start\">Panel frontal de EVA + PET, flexible, ligero y duradero, peso ligero<\/p>\n<p id=\"tl_20\" align=\"start\">La eficiencia de las c\u00e9lulas solares de silicio monocristalino alcanza hasta un 20%.<\/p>\n<p id=\"tl_21\" align=\"start\">&#8211;4 ojales y 2 Ranunculus gratis para una instalaci\u00f3n m\u00e1s c\u00f3moda.<\/p>\n<p id=\"tl_22\" align=\"start\">&#8211;Resistencia al agua IP65, apto para uso en exteriores bajo lluvia ligera.<\/p>\n<p id=\"tl_23\" align=\"start\">Empaque adecuadamente con esponja y protectores de esquina.<\/p>\n<p id=\"tl_24\" align=\"start\">Puede utilizarse en coches el\u00e9ctricos, coches, veh\u00edculos recreativos, yates, barcos, aviones, sat\u00e9lites, estaciones espaciales, cr\u00eda al aire libre, plantaci\u00f3n, turismo, farolas solares, proyectos de investigaci\u00f3n cient\u00edfica, etc.<\/p>","protected":false},"excerpt":{"rendered":"<p>Kit solar completo Dos paneles solares flexibles Controlador de Carga de 100A Inversor de 220V Bater\u00eda LFP 30Ah<\/p>","protected":false},"featured_media":29654,"comment_status":"open","ping_status":"closed","template":"","meta":{"_acf_changed":false,"content-type":"","_joinchat":[]},"product_brand":[],"product_cat":[11765,24],"product_tag":[],"class_list":{"0":"post-29648","1":"product","2":"type-product","3":"status-publish","4":"has-post-thumbnail","6":"product_cat-tecnologia","7":"product_cat-inicio","9":"first","10":"instock","11":"shipping-taxable","12":"purchasable","13":"product-type-simple"},"acf":[],"_links":{"self":[{"href":"https:\/\/tvelectron.com\/en\/wp-json\/wp\/v2\/product\/29648","targetHints":{"allow":["GET"]}}],"collection":[{"href":"https:\/\/tvelectron.com\/en\/wp-json\/wp\/v2\/product"}],"about":[{"href":"https:\/\/tvelectron.com\/en\/wp-json\/wp\/v2\/types\/product"}],"replies":[{"embeddable":true,"href":"https:\/\/tvelectron.com\/en\/wp-json\/wp\/v2\/comments?post=29648"}],"wp:featuredmedia":[{"embeddable":true,"href":"https:\/\/tvelectron.com\/en\/wp-json\/wp\/v2\/media\/29654"}],"wp:attachment":[{"href":"https:\/\/tvelectron.com\/en\/wp-json\/wp\/v2\/media?parent=29648"}],"wp:term":[{"taxonomy":"product_brand","embeddable":true,"href":"https:\/\/tvelectron.com\/en\/wp-json\/wp\/v2\/product_brand?post=29648"},{"taxonomy":"product_cat","embeddable":true,"href":"https:\/\/tvelectron.com\/en\/wp-json\/wp\/v2\/product_cat?post=29648"},{"taxonomy":"product_tag","embeddable":true,"href":"https:\/\/tvelectron.com\/en\/wp-json\/wp\/v2\/product_tag?post=29648"}],"curies":[{"name":"wp","href":"https:\/\/api.w.org\/{rel}","templated":true}]}}