{"id":23717,"date":"2025-10-14T14:19:39","date_gmt":"2025-10-14T12:19:39","guid":{"rendered":"https:\/\/tvelectron.com\/?post_type=product&#038;p=23717"},"modified":"2026-01-29T14:30:33","modified_gmt":"2026-01-29T12:30:33","slug":"localizador-magnetico-gps-inteligente-para-apple-ios-mascotas-maletas-coche-seguimiento-de-posicionamiento-global-ninos-mayores-localizador-antiperdida-para-iphone-find-my","status":"publish","type":"product","link":"https:\/\/tvelectron.com\/en\/localizador-magnetico-gps-inteligente-para-apple-ios-mascotas-maletas-coche-seguimiento-de-posicionamiento-global-ninos-mayores-localizador-antiperdida-para-iphone-find-my\/","title":{"rendered":"Cuatro smart tags Localizadores Magneticos GPS inteligente para Apple iOS funciona con pila incluidad para seguimiento no necesita suscripcion va con gps localizador antip\u00e9rdida para iPhone Find My"},"content":{"rendered":"<p id=\"title\" class=\"a-size-large a-spacing-none\"><span id=\"productTitle\" class=\"a-size-large product-title-word-break\">Cuatro GPS Coche localizador iOS, GPS Tracker rastreador magn\u00e9tico Oculto para Coches Sin cuota mensual, Seguimiento en Tiempo Real para ni\u00f1os, Mascotas, Compatible con goo- gle Find My no necesita tarjeta SIM<\/span><\/p>\n<p>FUNCIONA CON PILA DE BOTON INCLUIDA<\/p>\n<p id=\"tl_1\">\u3010Aplicaciones de uso especiales compatibles\u3011 Viene con una funda de silicona con fuerte succi\u00f3n magn\u00e9tica, se puede adherir firmemente al metal, por lo que los elementos met\u00e1licos como los motores de la patineta tambi\u00e9n se pueden rastrear ahora<\/p>\n<p id=\"tl_2\">\u3010Trabaja con la aplicaci\u00f3n Apple Find My\u3011Esta etiqueta inteligente se integra perfectamente con la aplicaci\u00f3n Apple Find My, brind\u00e1ndole una experiencia de seguimiento confiable y f\u00e1cil de usar.<\/p>\n<p id=\"tl_3\">\u3010Recordatorios detr\u00e1s de izquierda\u3011 \u00bfAlguna vez dej\u00f3 su billetera o equipaje atr\u00e1s r\u00e1pidamente?Nuestra etiqueta de seguimiento tiene una funci\u00f3n de recordatorio sin dejar de lado que garantiza que nunca m\u00e1s olvide sus pertenencias.Si alejas del art\u00edculo rastreado, tu tel\u00e9fono inteligente te enviar\u00e1 una notificaci\u00f3n, record\u00e1ndote que debes recuperarla antes de que sea demasiado tarde.<\/p>\n<p id=\"tl_4\">\u3010Encuentre cerca con altavoz incorporado\u3011El rastreador incluye un altavoz incorporado que le permite localizar f\u00e1cilmente sus pertenencias dentro de un rango de Bluetooth de hasta 164 pies.Simplemente use la aplicaci\u00f3n Find My en su dispositivo Apple para activar una alerta sonora desde la etiqueta, gui\u00e1ndole directamente a la ubicaci\u00f3n de su art\u00edculo.<\/p>\n<p id=\"tl_5\">\u3010Compartir este art\u00edculo\u3011Puedes compartir tu etiqueta de seguimiento con hasta 6 personas, permiti\u00e9ndoles ver la ubicaci\u00f3n del art\u00edculo sin recibir notificaciones de seguimiento.Esta funci\u00f3n es perfecta para compartir elementos esenciales de viaje con familiares, amigos o colegas mientras mantiene la privacidad y el control de sus datos de seguimiento.<\/p>\n<p id=\"tl_6\">\u3010Notificaciones del modo perdido\u3011Active el modo perdido a trav\u00e9s de la aplicaci\u00f3n Apple Find My para aprovechar la amplia red de dispositivos Apple al localizar su equipaje o billetera perdido o robado.Cuando otro dispositivo Apple entre en contacto con su etiqueta de seguimiento, recibir\u00e1 una notificaci\u00f3n con su ubicaci\u00f3n actualizada.Esta caracter\u00edstica aumenta en gran medida las posibilidades de recuperar sus pertenencias.<\/p>\n<p id=\"tl_7\">\u3010Protecci\u00f3n de privacidad\u3011 Tenga la seguridad de que los datos de su ubicaci\u00f3n est\u00e1n cifrados y anonimatos, lo que garantiza un seguimiento seguro y privado. Su informaci\u00f3n personal est\u00e1 protegida y solo usted tiene acceso a sus datos de seguimiento, brind\u00e1ndole tranquilidad y privacidad durante toda su experiencia de seguimiento.<\/p>","protected":false},"excerpt":{"rendered":"<p>Cuatro smart tags Localizadores Magneticos GPS inteligente para Apple iOS funciona con pila incluidad para seguimiento no necesita suscripcion va con gps localizador antip\u00e9rdida para iPhone Find My<\/p>","protected":false},"featured_media":23727,"comment_status":"open","ping_status":"closed","template":"","meta":{"_acf_changed":false,"content-type":"","_joinchat":[]},"product_brand":[],"product_cat":[11765,24],"product_tag":[],"class_list":{"0":"post-23717","1":"product","2":"type-product","3":"status-publish","4":"has-post-thumbnail","6":"product_cat-tecnologia","7":"product_cat-inicio","9":"first","10":"instock","11":"sale","12":"shipping-taxable","13":"purchasable","14":"product-type-simple"},"acf":[],"_links":{"self":[{"href":"https:\/\/tvelectron.com\/en\/wp-json\/wp\/v2\/product\/23717","targetHints":{"allow":["GET"]}}],"collection":[{"href":"https:\/\/tvelectron.com\/en\/wp-json\/wp\/v2\/product"}],"about":[{"href":"https:\/\/tvelectron.com\/en\/wp-json\/wp\/v2\/types\/product"}],"replies":[{"embeddable":true,"href":"https:\/\/tvelectron.com\/en\/wp-json\/wp\/v2\/comments?post=23717"}],"wp:featuredmedia":[{"embeddable":true,"href":"https:\/\/tvelectron.com\/en\/wp-json\/wp\/v2\/media\/23727"}],"wp:attachment":[{"href":"https:\/\/tvelectron.com\/en\/wp-json\/wp\/v2\/media?parent=23717"}],"wp:term":[{"taxonomy":"product_brand","embeddable":true,"href":"https:\/\/tvelectron.com\/en\/wp-json\/wp\/v2\/product_brand?post=23717"},{"taxonomy":"product_cat","embeddable":true,"href":"https:\/\/tvelectron.com\/en\/wp-json\/wp\/v2\/product_cat?post=23717"},{"taxonomy":"product_tag","embeddable":true,"href":"https:\/\/tvelectron.com\/en\/wp-json\/wp\/v2\/product_tag?post=23717"}],"curies":[{"name":"wp","href":"https:\/\/api.w.org\/{rel}","templated":true}]}}