{"id":29608,"date":"2026-03-23T21:52:30","date_gmt":"2026-03-23T19:52:30","guid":{"rendered":"https:\/\/tvelectron.com\/?post_type=product&#038;p=29608"},"modified":"2026-04-01T13:51:29","modified_gmt":"2026-04-01T11:51:29","slug":"kit-solar-completo-con-dos-paneles-de-40w-a-60w-inversor-de-10000w-controlador-100-a-y-accesorios","status":"publish","type":"product","link":"https:\/\/tvelectron.com\/de\/kit-solar-completo-con-dos-paneles-de-40w-a-60w-inversor-de-10000w-controlador-100-a-y-accesorios\/","title":{"rendered":"Kit Solar completo con Dos paneles de 40w a 60w Inversor de 10000W Controlador 100 A y accesorios"},"content":{"rendered":"<p id=\"tl_3\" class=\"word-break white-space mt-10\" align=\"left\">\ud83d\udca1 Libertad de uso de electricidad: energia solar que se puede utilizar en exteriores\/en \u00e1reas de emergencia\/remotas, liber\u00e1ndose de las limitaciones de la electricidad de la red el\u00e9ctrica.<br \/>\n\ud83c\udf3f Protecci\u00f3n de medio ambiente y ahorro de costos: cero emisiones y m\u00e1s ecol\u00f3gico, inversi\u00f3n \u00fanica, el suministro de energ\u00eda solar no cuesta dinero.<br \/>\n\ud83d\udd0b Completo y sin preocupaciones: incluidos paneles solares, controladores, inversores y accesorios, listos para instalar y usar.<\/p>\n<p id=\"tl_4\" class=\"word-break white-space mt-10\" align=\"left\">\ud83d\udce6Contenido del paquete<\/p>\n<p id=\"tl_5\" class=\"word-break white-space mt-10\" align=\"left\">\u2705Panel solar de 40W\ud83c\udf1e \u00d72<br \/>\n\u2705Controlador de carga 100A\ud83d\udcdf \u00d71<br \/>\n\u2705Inversor de 10000W\ud83d\udd0c \u00d71<br \/>\n\u2705Accesorios\ud83e\uddf0:<br \/>\n(1)Clips de cocodrilo del controlador \u00d71<br \/>\n(2)Clips de cocodrilo inversor \u00d71<br \/>\n(3) Cables CC \u00d7 2<br \/>\n(4)Mosquetones \u00d72<br \/>\n(5)Ventosas \u00d74<br \/>\n(6)Cable inversor para coche \u00d71<br \/>\n(7)Manual de usuario \u00d71<br \/>\n(8) Cable de conexi\u00f3n CC 1 a 3 (usado para conectar dos placas)<br \/>\n\u26a0\ufe0f BATERIA no incluida<\/p>","protected":false},"excerpt":{"rendered":"<p>Kit Solar completo con Dos paneles de 40w a 60w Inversor de 10000W Controlador 100 A y accesorios<\/p>","protected":false},"featured_media":29614,"comment_status":"open","ping_status":"closed","template":"","meta":{"_acf_changed":false,"content-type":"","_joinchat":[]},"product_brand":[],"product_cat":[11765,24],"product_tag":[],"class_list":{"0":"post-29608","1":"product","2":"type-product","3":"status-publish","4":"has-post-thumbnail","6":"product_cat-tecnologia","7":"product_cat-inicio","9":"first","10":"instock","11":"shipping-taxable","12":"purchasable","13":"product-type-simple"},"acf":[],"_links":{"self":[{"href":"https:\/\/tvelectron.com\/de\/wp-json\/wp\/v2\/product\/29608","targetHints":{"allow":["GET"]}}],"collection":[{"href":"https:\/\/tvelectron.com\/de\/wp-json\/wp\/v2\/product"}],"about":[{"href":"https:\/\/tvelectron.com\/de\/wp-json\/wp\/v2\/types\/product"}],"replies":[{"embeddable":true,"href":"https:\/\/tvelectron.com\/de\/wp-json\/wp\/v2\/comments?post=29608"}],"wp:featuredmedia":[{"embeddable":true,"href":"https:\/\/tvelectron.com\/de\/wp-json\/wp\/v2\/media\/29614"}],"wp:attachment":[{"href":"https:\/\/tvelectron.com\/de\/wp-json\/wp\/v2\/media?parent=29608"}],"wp:term":[{"taxonomy":"product_brand","embeddable":true,"href":"https:\/\/tvelectron.com\/de\/wp-json\/wp\/v2\/product_brand?post=29608"},{"taxonomy":"product_cat","embeddable":true,"href":"https:\/\/tvelectron.com\/de\/wp-json\/wp\/v2\/product_cat?post=29608"},{"taxonomy":"product_tag","embeddable":true,"href":"https:\/\/tvelectron.com\/de\/wp-json\/wp\/v2\/product_tag?post=29608"}],"curies":[{"name":"wp","href":"https:\/\/api.w.org\/{rel}","templated":true}]}}