{"id":29142,"date":"2026-01-29T14:01:15","date_gmt":"2026-01-29T12:01:15","guid":{"rendered":"https:\/\/tvelectron.com\/?post_type=product&#038;p=29142"},"modified":"2026-01-29T14:27:02","modified_gmt":"2026-01-29T12:27:02","slug":"smart-tag-rastreador-android-funciona-con-la-aplicacion-gratuita-hub-find-de-google-no-requiere-suscripcion-articulos-localizador-de-seguridad-carcasa-protectora-magnetica-incluida","status":"publish","type":"product","link":"https:\/\/tvelectron.com\/de\/smart-tag-rastreador-android-funciona-con-la-aplicacion-gratuita-hub-find-de-google-no-requiere-suscripcion-articulos-localizador-de-seguridad-carcasa-protectora-magnetica-incluida\/","title":{"rendered":"Smart Tag rastreador GPS Android funciona con pila incluida y la aplicaci\u00f3n gratuita Hub Find de Google no requiere suscripcion art\u00edculos, localizador de seguridad, carcasa protectora magnetica incluida"},"content":{"rendered":"<p id=\"tl_1\">Incluye dispositivo magn\u00e9tico adecuado para superficies que se pueden adsorber como patinetas, chasis y tabletas.<\/p>\n<p>Funciona con una pila de bot\u00f3n ya incluida<\/p>\n<p>No necesita suscripcion, funciona con el gps de tu movil android, con la aplicacion gratuita Hub Find de Google<\/p>\n<p id=\"tl_3\">Amplia compatibilidad con dispositivos Android: funciona con tel\u00e9fonos inteligentes, tabletas y relojes inteligentes. Admite marcas como: Google, Samsung, Xiaomi \/ OPPO \/ Vivo (con servicios de Google) y otras.<\/p>\n<p id=\"tl_4\">Seguimiento de ubicaci\u00f3n: b\u00fasqueda lejana: localice su art\u00edculo y obtenga indicaciones a trav\u00e9s de la red Google Find Hub.<\/p>\n<p id=\"tl_5\">Encuentro cercano: La gu\u00eda visual (lletas de formas) muestra la proximidad; reproducir un sonido para localizarlo f\u00e1cilmente.<\/p>\n<p id=\"tl_6\">Posicionamiento en tiempo real: seguimiento preciso de la ubicaci\u00f3n y b\u00fasqueda de rutas en todo el mundo.<\/p>\n<p id=\"tl_7\">Estuches de uso vers\u00e1tiles (optos): protege art\u00edculos importantes, personas, mascotas y m\u00e1s, adecuados para diversos escenarios de la vida.<\/p>\n<p id=\"tl_8\">Compartir y colaborar: comparta la ubicaci\u00f3n del dispositivo con 1 familia o amigo para encontrarlos juntos m\u00e1s f\u00e1cilmente.<\/p>\n<p id=\"tl_9\">Bater\u00eda de larga duraci\u00f3n y f\u00e1cil mantenimiento: duraci\u00f3n excepcional de la bater\u00eda: supera 1 a\u00f1o de uso.<\/p>","protected":false},"excerpt":{"rendered":"<p>Smart Tag rastreador GPS Android funciona con pila incluida y la aplicaci\u00f3n gratuita Hub Find de Google no requiere suscripcion art\u00edculos, localizador de seguridad, carcasa protectora magnetica incluida<\/p>","protected":false},"featured_media":29148,"comment_status":"open","ping_status":"closed","template":"","meta":{"_acf_changed":false,"content-type":"","_joinchat":[]},"product_brand":[],"product_cat":[11765,24,30],"product_tag":[],"class_list":{"0":"post-29142","1":"product","2":"type-product","3":"status-publish","4":"has-post-thumbnail","6":"product_cat-tecnologia","7":"product_cat-inicio","8":"product_cat-repuestos-varios","10":"first","11":"instock","12":"sale","13":"shipping-taxable","14":"purchasable","15":"product-type-simple"},"acf":[],"_links":{"self":[{"href":"https:\/\/tvelectron.com\/de\/wp-json\/wp\/v2\/product\/29142","targetHints":{"allow":["GET"]}}],"collection":[{"href":"https:\/\/tvelectron.com\/de\/wp-json\/wp\/v2\/product"}],"about":[{"href":"https:\/\/tvelectron.com\/de\/wp-json\/wp\/v2\/types\/product"}],"replies":[{"embeddable":true,"href":"https:\/\/tvelectron.com\/de\/wp-json\/wp\/v2\/comments?post=29142"}],"wp:featuredmedia":[{"embeddable":true,"href":"https:\/\/tvelectron.com\/de\/wp-json\/wp\/v2\/media\/29148"}],"wp:attachment":[{"href":"https:\/\/tvelectron.com\/de\/wp-json\/wp\/v2\/media?parent=29142"}],"wp:term":[{"taxonomy":"product_brand","embeddable":true,"href":"https:\/\/tvelectron.com\/de\/wp-json\/wp\/v2\/product_brand?post=29142"},{"taxonomy":"product_cat","embeddable":true,"href":"https:\/\/tvelectron.com\/de\/wp-json\/wp\/v2\/product_cat?post=29142"},{"taxonomy":"product_tag","embeddable":true,"href":"https:\/\/tvelectron.com\/de\/wp-json\/wp\/v2\/product_tag?post=29142"}],"curies":[{"name":"wp","href":"https:\/\/api.w.org\/{rel}","templated":true}]}}